{"id":300,"date":"2021-04-15T16:40:22","date_gmt":"2021-04-15T14:40:22","guid":{"rendered":"https:\/\/ledconcept.rw\/?page_id=300"},"modified":"2021-04-15T17:42:59","modified_gmt":"2021-04-15T15:42:59","slug":"contact-us","status":"publish","type":"page","link":"https:\/\/ledconcept.rw\/index.php\/contact-us\/","title":{"rendered":"Contact"},"content":{"rendered":"<h1><strong>LED Concept Ltd<\/strong><\/h1>\n<h3>P.O. Box 5059<\/h3>\n<h3>Kigali &#8211; Rwanda<\/h3>\n<h3>Tel : +250.782.64.33.14 (English, Fran\u00e7ais, Espa\u00f1ol)<\/h3>\n<h3>Tel : +250.788.54.03.48 (Kinyarwanda, Fran\u00e7ais)<\/h3>\n<h3>Email : info@ledconcept.rw\u00a0\u00a0 OR\u00a0\u00a0 ledconcept.ltd@gmail.com<\/h3>\n<p>&nbsp;<\/p>\n","protected":false},"excerpt":{"rendered":"<p>LED Concept Ltd P.O. Box 5059 Kigali &#8211; Rwanda Tel : +250.782.64.33.14 (English, Fran\u00e7ais, Espa\u00f1ol) Tel : +250.788.54.03.48 (Kinyarwanda, Fran\u00e7ais) Email : info@ledconcept.rw\u00a0\u00a0 OR\u00a0\u00a0 ledconcept.ltd@gmail.com &nbsp;<\/p>\n","protected":false},"author":1,"featured_media":0,"parent":0,"menu_order":0,"comment_status":"closed","ping_status":"closed","template":"","meta":[],"_links":{"self":[{"href":"https:\/\/ledconcept.rw\/index.php\/wp-json\/wp\/v2\/pages\/300"}],"collection":[{"href":"https:\/\/ledconcept.rw\/index.php\/wp-json\/wp\/v2\/pages"}],"about":[{"href":"https:\/\/ledconcept.rw\/index.php\/wp-json\/wp\/v2\/types\/page"}],"author":[{"embeddable":true,"href":"https:\/\/ledconcept.rw\/index.php\/wp-json\/wp\/v2\/users\/1"}],"replies":[{"embeddable":true,"href":"https:\/\/ledconcept.rw\/index.php\/wp-json\/wp\/v2\/comments?post=300"}],"version-history":[{"count":12,"href":"https:\/\/ledconcept.rw\/index.php\/wp-json\/wp\/v2\/pages\/300\/revisions"}],"predecessor-version":[{"id":315,"href":"https:\/\/ledconcept.rw\/index.php\/wp-json\/wp\/v2\/pages\/300\/revisions\/315"}],"wp:attachment":[{"href":"https:\/\/ledconcept.rw\/index.php\/wp-json\/wp\/v2\/media?parent=300"}],"curies":[{"name":"wp","href":"https:\/\/api.w.org\/{rel}","templated":true}]}}